{"id":127,"date":"2015-08-12T09:14:09","date_gmt":"2015-08-12T08:14:09","guid":{"rendered":"http:\/\/www.hac-hockey.com\/?page_id=127"},"modified":"2015-09-01T13:03:35","modified_gmt":"2015-09-01T12:03:35","slug":"le-hac-hockey-sur-glace-dans-tout-le-sport","status":"publish","type":"page","link":"http:\/\/www.hac-hockey.com\/index.php\/le-club\/le-hac-hockey-sur-glace-dans-tout-le-sport\/","title":{"rendered":"On parle de nous"},"content":{"rendered":"<p>Quoi de mieux pour illustrer notre sport et notre club qu&#8217;une vid\u00e9o. Bien que tourn\u00e9 en 2009, ce petit reportage met l&#8217;eau \u00e0 la bouche &#8230;<\/p>\n<p style=\"text-align: center;\"><iframe loading=\"lazy\" src=\"https:\/\/www.youtube.com\/embed\/j5F1caK91ys\" width=\"560\" height=\"315\" frameborder=\"0\" allowfullscreen=\"allowfullscreen\"><\/iframe><\/p>\n<p>Plus r\u00e9cemment, en 2012, le HAC Hockey avait \u00e9t\u00e9 sous les feux des projecteurs dans un reportage de &#8220;Live in LH&#8221; &#8230;<\/p>\n<p style=\"text-align: center;\"><iframe loading=\"lazy\" src=\"\/\/www.dailymotion.com\/embed\/video\/xogt4l\" width=\"560\" height=\"315\" frameborder=\"0\" allowfullscreen=\"allowfullscreen\"><\/iframe><br \/>\n<a href=\"http:\/\/www.dailymotion.com\/video\/xogt4l_live-in-lh-week-end-10-11-12-02-12_lifestyle\" target=\"_blank\">Live in LH, week-end 10-11-12\/02\/12<\/a> <i>par <a href=\"http:\/\/www.dailymotion.com\/mairie-lehavre\" target=\"_blank\">mairie-lehavre<\/a><\/i><\/p>\n","protected":false},"excerpt":{"rendered":"<p>Quoi de mieux pour illustrer notre sport et notre club qu&#8217;une vid\u00e9o. Bien que tourn\u00e9 en 2009, ce petit reportage met l&#8217;eau \u00e0 la bouche &#8230; Plus r\u00e9cemment, en 2012, le HAC Hockey avait \u00e9t\u00e9 sous les feux des projecteurs dans un reportage de &#8220;Live in LH&#8221; &#8230; Live in LH, week-end 10-11-12\/02\/12 par mairie-lehavre<\/p>\n","protected":false},"author":1,"featured_media":0,"parent":179,"menu_order":0,"comment_status":"closed","ping_status":"open","template":"","meta":{"_mi_skip_tracking":false,"spay_email":"","footnotes":""},"class_list":["post-127","page","type-page","status-publish","hentry"],"jetpack_sharing_enabled":false,"_links":{"self":[{"href":"http:\/\/www.hac-hockey.com\/index.php\/wp-json\/wp\/v2\/pages\/127","targetHints":{"allow":["GET"]}}],"collection":[{"href":"http:\/\/www.hac-hockey.com\/index.php\/wp-json\/wp\/v2\/pages"}],"about":[{"href":"http:\/\/www.hac-hockey.com\/index.php\/wp-json\/wp\/v2\/types\/page"}],"author":[{"embeddable":true,"href":"http:\/\/www.hac-hockey.com\/index.php\/wp-json\/wp\/v2\/users\/1"}],"replies":[{"embeddable":true,"href":"http:\/\/www.hac-hockey.com\/index.php\/wp-json\/wp\/v2\/comments?post=127"}],"version-history":[{"count":13,"href":"http:\/\/www.hac-hockey.com\/index.php\/wp-json\/wp\/v2\/pages\/127\/revisions"}],"predecessor-version":[{"id":335,"href":"http:\/\/www.hac-hockey.com\/index.php\/wp-json\/wp\/v2\/pages\/127\/revisions\/335"}],"up":[{"embeddable":true,"href":"http:\/\/www.hac-hockey.com\/index.php\/wp-json\/wp\/v2\/pages\/179"}],"wp:attachment":[{"href":"http:\/\/www.hac-hockey.com\/index.php\/wp-json\/wp\/v2\/media?parent=127"}],"curies":[{"name":"wp","href":"https:\/\/api.w.org\/{rel}","templated":true}]}}