{"id":132,"date":"2015-08-12T09:23:44","date_gmt":"2015-08-12T08:23:44","guid":{"rendered":"http:\/\/www.hac-hockey.com\/?page_id=132"},"modified":"2022-04-05T07:57:22","modified_gmt":"2022-04-05T05:57:22","slug":"ecole-de-hockey","status":"publish","type":"page","link":"http:\/\/www.hac-hockey.com\/index.php\/informations-utiles\/ecole-de-hockey\/","title":{"rendered":"Ecole de hockey"},"content":{"rendered":"<div id=\"attachment_133\" style=\"width: 510px\" class=\"wp-caption alignleft\"><a href=\"https:\/\/i0.wp.com\/www.hac-hockey.com\/wp-content\/uploads\/2015\/08\/Ecole_de_Hockey.jpg\"><img loading=\"lazy\" decoding=\"async\" aria-describedby=\"caption-attachment-133\" data-attachment-id=\"133\" data-permalink=\"http:\/\/www.hac-hockey.com\/index.php\/informations-utiles\/ecole-de-hockey\/ecole_de_hockey\/\" data-orig-file=\"https:\/\/i0.wp.com\/www.hac-hockey.com\/wp-content\/uploads\/2015\/08\/Ecole_de_Hockey.jpg?fit=500%2C375\" data-orig-size=\"500,375\" data-comments-opened=\"0\" data-image-meta=\"{&quot;aperture&quot;:&quot;0&quot;,&quot;credit&quot;:&quot;&quot;,&quot;camera&quot;:&quot;ix A600    Ver1.0&quot;,&quot;caption&quot;:&quot;&quot;,&quot;created_timestamp&quot;:&quot;0&quot;,&quot;copyright&quot;:&quot;&quot;,&quot;focal_length&quot;:&quot;74099374.333333&quot;,&quot;iso&quot;:&quot;400&quot;,&quot;shutter_speed&quot;:&quot;0&quot;,&quot;title&quot;:&quot;&quot;,&quot;orientation&quot;:&quot;0&quot;}\" data-image-title=\"Ecole_de_Hockey\" data-image-description=\"&lt;p&gt;Ecole de hockey&lt;\/p&gt;\n\" data-image-caption=\"&lt;p&gt;L&amp;#8217;\u00e9cole de hockey&lt;\/p&gt;\n\" data-medium-file=\"https:\/\/i0.wp.com\/www.hac-hockey.com\/wp-content\/uploads\/2015\/08\/Ecole_de_Hockey.jpg?fit=300%2C225\" data-large-file=\"https:\/\/i0.wp.com\/www.hac-hockey.com\/wp-content\/uploads\/2015\/08\/Ecole_de_Hockey.jpg?fit=500%2C375\" class=\"wp-image-133 size-full\" src=\"https:\/\/i0.wp.com\/www.hac-hockey.com\/wp-content\/uploads\/2015\/08\/Ecole_de_Hockey.jpg?resize=500%2C375\" alt=\"Ecole de hockey\" width=\"500\" height=\"375\" srcset=\"https:\/\/i0.wp.com\/www.hac-hockey.com\/wp-content\/uploads\/2015\/08\/Ecole_de_Hockey.jpg?w=500 500w, https:\/\/i0.wp.com\/www.hac-hockey.com\/wp-content\/uploads\/2015\/08\/Ecole_de_Hockey.jpg?resize=300%2C225 300w\" sizes=\"auto, (max-width: 500px) 100vw, 500px\" data-recalc-dims=\"1\" \/><\/a><p id=\"caption-attachment-133\" class=\"wp-caption-text\">L&#8217;\u00e9cole de hockey<\/p><\/div>\n<p>Le HAC Hockey sur glace invite les jeunes enfants, <strong>d\u00e8s l&#8217;\u00e2ge de 4 ans<\/strong>, \u00e0 d\u00e9couvrir ce sport en offrant 1 s\u00e9ance d&#8217;initiation gratuite (pr\u00eat du mat\u00e9riel n\u00e9cessaire assur\u00e9 par le club, il est toutefois n\u00e9cessaire d&#8217;apporter des gants).<\/p>\n<p>L&#8217;encadrement est assur\u00e9 par des entraineurs dipl\u00f4m\u00e9s.<\/p>\n<p>Possibilit\u00e9 de prendre une licence d\u00e9couverte ( 20 \u20ac le mois soit 8 s\u00e9ances )<\/p>\n<p>Vous pouvez vous pr\u00e9senter \u00e0 la patinoire du Havre (106, rue Louis Blanc) aux s\u00e9ances suivantes :<\/p>\n<ul>\n<li><strong>Mercredi de 11h15 \u00e0 12h45.<\/strong><\/li>\n<li><strong>Samedi de 12h45 \u00e0 14h15<\/strong>.<\/li>\n<\/ul>\n<p><strong>Apporter des gants.<\/strong><\/p>\n<p style=\"text-align: left;\">Si le hockey vous plait, nous vous invitons \u00e0 vous inscrire. Vous pouvez t\u00e9l\u00e9charger le dossier complet <a href=\"index.php\/dossier-dinscription\/\">en cliquant ici<\/a> &#8230;<\/p>\n<p><a href=\"https:\/\/i0.wp.com\/www.hac-hockey.com\/wp-content\/uploads\/2018\/06\/labelisation_2018_2.jpg\"><img loading=\"lazy\" decoding=\"async\" data-attachment-id=\"1787\" data-permalink=\"http:\/\/www.hac-hockey.com\/index.php\/2018\/06\/22\/le-hac-hockey-sur-glace-structure-associee-labellisee-2018-2020\/labelisation_2018_2\/\" data-orig-file=\"https:\/\/i0.wp.com\/www.hac-hockey.com\/wp-content\/uploads\/2018\/06\/labelisation_2018_2.jpg?fit=1220%2C802\" data-orig-size=\"1220,802\" data-comments-opened=\"0\" data-image-meta=\"{&quot;aperture&quot;:&quot;0&quot;,&quot;credit&quot;:&quot;&quot;,&quot;camera&quot;:&quot;&quot;,&quot;caption&quot;:&quot;&quot;,&quot;created_timestamp&quot;:&quot;0&quot;,&quot;copyright&quot;:&quot;&quot;,&quot;focal_length&quot;:&quot;0&quot;,&quot;iso&quot;:&quot;0&quot;,&quot;shutter_speed&quot;:&quot;0&quot;,&quot;title&quot;:&quot;&quot;,&quot;orientation&quot;:&quot;0&quot;}\" data-image-title=\"labelisation_2018_2\" data-image-description=\"\" data-image-caption=\"\" data-medium-file=\"https:\/\/i0.wp.com\/www.hac-hockey.com\/wp-content\/uploads\/2018\/06\/labelisation_2018_2.jpg?fit=300%2C197\" data-large-file=\"https:\/\/i0.wp.com\/www.hac-hockey.com\/wp-content\/uploads\/2018\/06\/labelisation_2018_2.jpg?fit=955%2C628\" class=\"alignright size-full wp-image-1787\" src=\"https:\/\/i0.wp.com\/www.hac-hockey.com\/wp-content\/uploads\/2018\/06\/labelisation_2018_2.jpg?resize=955%2C628\" alt=\"\" width=\"955\" height=\"628\" srcset=\"https:\/\/i0.wp.com\/www.hac-hockey.com\/wp-content\/uploads\/2018\/06\/labelisation_2018_2.jpg?w=1220 1220w, https:\/\/i0.wp.com\/www.hac-hockey.com\/wp-content\/uploads\/2018\/06\/labelisation_2018_2.jpg?resize=300%2C197 300w, https:\/\/i0.wp.com\/www.hac-hockey.com\/wp-content\/uploads\/2018\/06\/labelisation_2018_2.jpg?resize=768%2C505 768w, https:\/\/i0.wp.com\/www.hac-hockey.com\/wp-content\/uploads\/2018\/06\/labelisation_2018_2.jpg?resize=1024%2C673 1024w\" sizes=\"auto, (max-width: 955px) 100vw, 955px\" data-recalc-dims=\"1\" \/><\/a> <a href=\"https:\/\/i0.wp.com\/www.hac-hockey.com\/wp-content\/uploads\/2018\/06\/labelisation_2018_1.jpg\"><img loading=\"lazy\" decoding=\"async\" data-attachment-id=\"1786\" data-permalink=\"http:\/\/www.hac-hockey.com\/index.php\/2018\/06\/22\/le-hac-hockey-sur-glace-structure-associee-labellisee-2018-2020\/labelisation_2018_1\/\" data-orig-file=\"https:\/\/i0.wp.com\/www.hac-hockey.com\/wp-content\/uploads\/2018\/06\/labelisation_2018_1.jpg?fit=1213%2C800\" data-orig-size=\"1213,800\" data-comments-opened=\"0\" data-image-meta=\"{&quot;aperture&quot;:&quot;0&quot;,&quot;credit&quot;:&quot;&quot;,&quot;camera&quot;:&quot;&quot;,&quot;caption&quot;:&quot;&quot;,&quot;created_timestamp&quot;:&quot;0&quot;,&quot;copyright&quot;:&quot;&quot;,&quot;focal_length&quot;:&quot;0&quot;,&quot;iso&quot;:&quot;0&quot;,&quot;shutter_speed&quot;:&quot;0&quot;,&quot;title&quot;:&quot;&quot;,&quot;orientation&quot;:&quot;0&quot;}\" data-image-title=\"labelisation_2018_1\" data-image-description=\"\" data-image-caption=\"\" data-medium-file=\"https:\/\/i0.wp.com\/www.hac-hockey.com\/wp-content\/uploads\/2018\/06\/labelisation_2018_1.jpg?fit=300%2C198\" data-large-file=\"https:\/\/i0.wp.com\/www.hac-hockey.com\/wp-content\/uploads\/2018\/06\/labelisation_2018_1.jpg?fit=955%2C630\" class=\"size-full wp-image-1786 alignleft\" src=\"https:\/\/i0.wp.com\/www.hac-hockey.com\/wp-content\/uploads\/2018\/06\/labelisation_2018_1.jpg?resize=955%2C630\" alt=\"\" width=\"955\" height=\"630\" srcset=\"https:\/\/i0.wp.com\/www.hac-hockey.com\/wp-content\/uploads\/2018\/06\/labelisation_2018_1.jpg?w=1213 1213w, https:\/\/i0.wp.com\/www.hac-hockey.com\/wp-content\/uploads\/2018\/06\/labelisation_2018_1.jpg?resize=300%2C198 300w, https:\/\/i0.wp.com\/www.hac-hockey.com\/wp-content\/uploads\/2018\/06\/labelisation_2018_1.jpg?resize=768%2C507 768w, https:\/\/i0.wp.com\/www.hac-hockey.com\/wp-content\/uploads\/2018\/06\/labelisation_2018_1.jpg?resize=1024%2C675 1024w\" sizes=\"auto, (max-width: 955px) 100vw, 955px\" data-recalc-dims=\"1\" \/><\/a><\/p>\n","protected":false},"excerpt":{"rendered":"<p>Le HAC Hockey sur glace invite les jeunes enfants, d\u00e8s l&#8217;\u00e2ge de 4 ans, \u00e0 d\u00e9couvrir ce sport en offrant 1 s\u00e9ance d&#8217;initiation gratuite (pr\u00eat du mat\u00e9riel n\u00e9cessaire assur\u00e9 par le club, il est toutefois n\u00e9cessaire d&#8217;apporter des gants). L&#8217;encadrement est assur\u00e9 par des entraineurs dipl\u00f4m\u00e9s. Possibilit\u00e9 de prendre une licence d\u00e9couverte ( 20 \u20ac [&hellip;]<\/p>\n","protected":false},"author":1,"featured_media":0,"parent":175,"menu_order":0,"comment_status":"closed","ping_status":"open","template":"","meta":{"_mi_skip_tracking":false,"spay_email":"","footnotes":""},"class_list":["post-132","page","type-page","status-publish","hentry"],"jetpack_sharing_enabled":false,"_links":{"self":[{"href":"http:\/\/www.hac-hockey.com\/index.php\/wp-json\/wp\/v2\/pages\/132","targetHints":{"allow":["GET"]}}],"collection":[{"href":"http:\/\/www.hac-hockey.com\/index.php\/wp-json\/wp\/v2\/pages"}],"about":[{"href":"http:\/\/www.hac-hockey.com\/index.php\/wp-json\/wp\/v2\/types\/page"}],"author":[{"embeddable":true,"href":"http:\/\/www.hac-hockey.com\/index.php\/wp-json\/wp\/v2\/users\/1"}],"replies":[{"embeddable":true,"href":"http:\/\/www.hac-hockey.com\/index.php\/wp-json\/wp\/v2\/comments?post=132"}],"version-history":[{"count":10,"href":"http:\/\/www.hac-hockey.com\/index.php\/wp-json\/wp\/v2\/pages\/132\/revisions"}],"predecessor-version":[{"id":4600,"href":"http:\/\/www.hac-hockey.com\/index.php\/wp-json\/wp\/v2\/pages\/132\/revisions\/4600"}],"up":[{"embeddable":true,"href":"http:\/\/www.hac-hockey.com\/index.php\/wp-json\/wp\/v2\/pages\/175"}],"wp:attachment":[{"href":"http:\/\/www.hac-hockey.com\/index.php\/wp-json\/wp\/v2\/media?parent=132"}],"curies":[{"name":"wp","href":"https:\/\/api.w.org\/{rel}","templated":true}]}}