{"id":158,"date":"2015-08-12T13:37:43","date_gmt":"2015-08-12T12:37:43","guid":{"rendered":"http:\/\/www.hac-hockey.com\/?page_id=158"},"modified":"2015-09-16T16:06:40","modified_gmt":"2015-09-16T14:06:40","slug":"patinoire-du-havre","status":"publish","type":"page","link":"http:\/\/www.hac-hockey.com\/index.php\/informations-utiles\/patinoire-du-havre\/","title":{"rendered":"Patinoire du Havre"},"content":{"rendered":"<div id=\"attachment_64\" style=\"width: 730px\" class=\"wp-caption alignleft\"><a href=\"https:\/\/i0.wp.com\/www.hac-hockey.com\/wp-content\/uploads\/2015\/08\/facebook_1439294654247.jpg\"><img loading=\"lazy\" decoding=\"async\" aria-describedby=\"caption-attachment-64\" data-attachment-id=\"64\" data-permalink=\"http:\/\/www.hac-hockey.com\/index.php\/informations-utiles\/patinoire-du-havre\/facebook_1439294654247\/\" data-orig-file=\"https:\/\/i0.wp.com\/www.hac-hockey.com\/wp-content\/uploads\/2015\/08\/facebook_1439294654247.jpg?fit=720%2C228\" data-orig-size=\"720,228\" data-comments-opened=\"0\" data-image-meta=\"{&quot;aperture&quot;:&quot;0&quot;,&quot;credit&quot;:&quot;&quot;,&quot;camera&quot;:&quot;&quot;,&quot;caption&quot;:&quot;&quot;,&quot;created_timestamp&quot;:&quot;0&quot;,&quot;copyright&quot;:&quot;&quot;,&quot;focal_length&quot;:&quot;0&quot;,&quot;iso&quot;:&quot;0&quot;,&quot;shutter_speed&quot;:&quot;0&quot;,&quot;title&quot;:&quot;&quot;,&quot;orientation&quot;:&quot;0&quot;}\" data-image-title=\"Patinoire\" data-image-description=\"\" data-image-caption=\"&lt;p&gt;Patinoire&lt;\/p&gt;\n\" data-medium-file=\"https:\/\/i0.wp.com\/www.hac-hockey.com\/wp-content\/uploads\/2015\/08\/facebook_1439294654247.jpg?fit=300%2C95\" data-large-file=\"https:\/\/i0.wp.com\/www.hac-hockey.com\/wp-content\/uploads\/2015\/08\/facebook_1439294654247.jpg?fit=720%2C228\" class=\"wp-image-64 size-full\" src=\"https:\/\/i0.wp.com\/www.hac-hockey.com\/wp-content\/uploads\/2015\/08\/facebook_1439294654247.jpg?resize=720%2C228\" alt=\"Patinoire\" width=\"720\" height=\"228\" srcset=\"https:\/\/i0.wp.com\/www.hac-hockey.com\/wp-content\/uploads\/2015\/08\/facebook_1439294654247.jpg?w=720 720w, https:\/\/i0.wp.com\/www.hac-hockey.com\/wp-content\/uploads\/2015\/08\/facebook_1439294654247.jpg?resize=300%2C95 300w\" sizes=\"auto, (max-width: 720px) 100vw, 720px\" data-recalc-dims=\"1\" \/><\/a><p id=\"caption-attachment-64\" class=\"wp-caption-text\">La patinoire du Havre, \u00e0 l&#8217;aube de la saison 2015-2016<\/p><\/div>\n<div class=\"copy-paste-block\">\n<div class=\"copy-paste-block\">\n<ul>\n<li>La Ville du Havre poss\u00e8de une patinoire \u00e0 gestion municipale inaugur\u00e9e en 1974.<\/li>\n<li>Piste de 56 m x 26 m<\/li>\n<li>Capacit\u00e9 d&#8217;accueil : 1045 personnes dont 900 places assises.<\/li>\n<\/ul>\n<p>En savoir plus sur <a href=\"http:\/\/www.loisirs.fr\/patinoire-municipale-le-havre.html#KsVghIgDbvACjHLH.99\" target=\"_blank\">http:\/\/www.loisirs.fr\/patinoire-municipale-le-havre.html#KsVghIgDbvACjHLH.99<\/a><\/p>\n<\/div>\n<\/div>\n<div class=\"copy-paste-block\">\n<ul>\n<li class=\"copy-paste-block\">Comment y aller ? C&#8217;est simple, <a href=\"https:\/\/www.google.fr\/maps\/place\/Patinoire+Municipale\/@49.5083337,0.1343194,17z\/data=!4m7!1m4!3m3!1s0x47e02f9f772c1237:0xb5b7d067062d4a12!2s105+Rue+Louis+Blanc,+76620+Le+Havre!3b1!3m1!1s0x0000000000000000:0xe0a1d2face714638\" target=\"_blank\">cliquez ici<\/a> &#8230;<\/li>\n<\/ul>\n<div class=\"copy-paste-block\"><\/div>\n<\/div>\n","protected":false},"excerpt":{"rendered":"<p>La Ville du Havre poss\u00e8de une patinoire \u00e0 gestion municipale inaugur\u00e9e en 1974. Piste de 56 m x 26 m Capacit\u00e9 d&#8217;accueil : 1045 personnes dont 900 places assises. En savoir plus sur http:\/\/www.loisirs.fr\/patinoire-municipale-le-havre.html#KsVghIgDbvACjHLH.99 Comment y aller ? C&#8217;est simple, cliquez ici &#8230;<\/p>\n","protected":false},"author":1,"featured_media":0,"parent":175,"menu_order":0,"comment_status":"closed","ping_status":"open","template":"","meta":{"_mi_skip_tracking":false,"spay_email":"","footnotes":""},"class_list":["post-158","page","type-page","status-publish","hentry"],"jetpack_sharing_enabled":false,"_links":{"self":[{"href":"http:\/\/www.hac-hockey.com\/index.php\/wp-json\/wp\/v2\/pages\/158","targetHints":{"allow":["GET"]}}],"collection":[{"href":"http:\/\/www.hac-hockey.com\/index.php\/wp-json\/wp\/v2\/pages"}],"about":[{"href":"http:\/\/www.hac-hockey.com\/index.php\/wp-json\/wp\/v2\/types\/page"}],"author":[{"embeddable":true,"href":"http:\/\/www.hac-hockey.com\/index.php\/wp-json\/wp\/v2\/users\/1"}],"replies":[{"embeddable":true,"href":"http:\/\/www.hac-hockey.com\/index.php\/wp-json\/wp\/v2\/comments?post=158"}],"version-history":[{"count":8,"href":"http:\/\/www.hac-hockey.com\/index.php\/wp-json\/wp\/v2\/pages\/158\/revisions"}],"predecessor-version":[{"id":412,"href":"http:\/\/www.hac-hockey.com\/index.php\/wp-json\/wp\/v2\/pages\/158\/revisions\/412"}],"up":[{"embeddable":true,"href":"http:\/\/www.hac-hockey.com\/index.php\/wp-json\/wp\/v2\/pages\/175"}],"wp:attachment":[{"href":"http:\/\/www.hac-hockey.com\/index.php\/wp-json\/wp\/v2\/media?parent=158"}],"curies":[{"name":"wp","href":"https:\/\/api.w.org\/{rel}","templated":true}]}}