{"id":177,"date":"2015-08-12T15:44:03","date_gmt":"2015-08-12T14:44:03","guid":{"rendered":"http:\/\/www.hac-hockey.com\/?page_id=177"},"modified":"2022-04-04T17:20:43","modified_gmt":"2022-04-04T15:20:43","slug":"contacts","status":"publish","type":"page","link":"http:\/\/www.hac-hockey.com\/index.php\/contacts\/","title":{"rendered":"Contacts"},"content":{"rendered":"<p>Pr\u00e9sident &#8211; <a href=\"mailto:nicolas.lepape@hac-hockey.com\">Nicolas Lepape<\/a><\/p>\n<p>Vice-Pr\u00e9sident &#8211; <a href=\"mailto:jonathan.martinez@hac-hockey.com\">Jonathan Martinez<\/a><\/p>\n<p>Tr\u00e9sorier &#8211; <a href=\"mailto:tresorier@hac-hockey.com\">Vanessa Fagot<\/a><\/p>\n<p>Secr\u00e9taire &#8211; <a href=\"mailto:secretaire@hac-hockey.com\">Adeline Vaughan<\/a><\/p>\n<p>Ev\u00e8nements \/ Communication &#8211; <a href=\"mailto:communication@hac-hockey.com\">Belinda Tino<\/a><\/p>\n<p>Equipement &#8211; <a href=\"mailto:equipement@hac-hockey.com\">Martina Zavodna &amp; Celine Martinez<\/a><\/p>\n<p>Table de Marque et Arbitrage &#8211; <a href=\"mailto:arbitrage@hac-hockey.com\">Nicolas Lepape &amp; Charles Vaughan<\/a><\/p>\n<p>Partenariat &#8211; <a href=\"mailto:sponsoring@hac-hockey.com\">Alban Viel<\/a><\/p>\n\n\n<p><\/p>\n","protected":false},"excerpt":{"rendered":"<p>Pr\u00e9sident &#8211; Nicolas Lepape Vice-Pr\u00e9sident &#8211; Jonathan Martinez Tr\u00e9sorier &#8211; Vanessa Fagot Secr\u00e9taire &#8211; Adeline Vaughan Ev\u00e8nements \/ Communication &#8211; Belinda Tino Equipement &#8211; Martina Zavodna &amp; Celine Martinez Table de Marque et Arbitrage &#8211; Nicolas Lepape &amp; Charles Vaughan Partenariat &#8211; Alban Viel<\/p>\n","protected":false},"author":1,"featured_media":0,"parent":0,"menu_order":0,"comment_status":"closed","ping_status":"open","template":"","meta":{"_mi_skip_tracking":false,"spay_email":"","footnotes":""},"class_list":["post-177","page","type-page","status-publish","hentry"],"jetpack_sharing_enabled":false,"_links":{"self":[{"href":"http:\/\/www.hac-hockey.com\/index.php\/wp-json\/wp\/v2\/pages\/177","targetHints":{"allow":["GET"]}}],"collection":[{"href":"http:\/\/www.hac-hockey.com\/index.php\/wp-json\/wp\/v2\/pages"}],"about":[{"href":"http:\/\/www.hac-hockey.com\/index.php\/wp-json\/wp\/v2\/types\/page"}],"author":[{"embeddable":true,"href":"http:\/\/www.hac-hockey.com\/index.php\/wp-json\/wp\/v2\/users\/1"}],"replies":[{"embeddable":true,"href":"http:\/\/www.hac-hockey.com\/index.php\/wp-json\/wp\/v2\/comments?post=177"}],"version-history":[{"count":4,"href":"http:\/\/www.hac-hockey.com\/index.php\/wp-json\/wp\/v2\/pages\/177\/revisions"}],"predecessor-version":[{"id":4586,"href":"http:\/\/www.hac-hockey.com\/index.php\/wp-json\/wp\/v2\/pages\/177\/revisions\/4586"}],"wp:attachment":[{"href":"http:\/\/www.hac-hockey.com\/index.php\/wp-json\/wp\/v2\/media?parent=177"}],"curies":[{"name":"wp","href":"https:\/\/api.w.org\/{rel}","templated":true}]}}