{"id":179,"date":"2015-08-12T15:45:32","date_gmt":"2015-08-12T14:45:32","guid":{"rendered":"http:\/\/www.hac-hockey.com\/?page_id=179"},"modified":"2015-08-14T09:00:01","modified_gmt":"2015-08-14T08:00:01","slug":"le-club","status":"publish","type":"page","link":"http:\/\/www.hac-hockey.com\/index.php\/le-club\/","title":{"rendered":"Le club"},"content":{"rendered":"<p>Veuillez s\u00e9lectionner un \u00e9l\u00e9ment dans le sous-menu &#8230;<\/p>\n","protected":false},"excerpt":{"rendered":"<p>Veuillez s\u00e9lectionner un \u00e9l\u00e9ment dans le sous-menu &#8230;<\/p>\n","protected":false},"author":1,"featured_media":0,"parent":0,"menu_order":0,"comment_status":"closed","ping_status":"open","template":"","meta":{"_mi_skip_tracking":false,"spay_email":"","footnotes":""},"class_list":["post-179","page","type-page","status-publish","hentry"],"jetpack_sharing_enabled":false,"_links":{"self":[{"href":"http:\/\/www.hac-hockey.com\/index.php\/wp-json\/wp\/v2\/pages\/179","targetHints":{"allow":["GET"]}}],"collection":[{"href":"http:\/\/www.hac-hockey.com\/index.php\/wp-json\/wp\/v2\/pages"}],"about":[{"href":"http:\/\/www.hac-hockey.com\/index.php\/wp-json\/wp\/v2\/types\/page"}],"author":[{"embeddable":true,"href":"http:\/\/www.hac-hockey.com\/index.php\/wp-json\/wp\/v2\/users\/1"}],"replies":[{"embeddable":true,"href":"http:\/\/www.hac-hockey.com\/index.php\/wp-json\/wp\/v2\/comments?post=179"}],"version-history":[{"count":2,"href":"http:\/\/www.hac-hockey.com\/index.php\/wp-json\/wp\/v2\/pages\/179\/revisions"}],"predecessor-version":[{"id":237,"href":"http:\/\/www.hac-hockey.com\/index.php\/wp-json\/wp\/v2\/pages\/179\/revisions\/237"}],"wp:attachment":[{"href":"http:\/\/www.hac-hockey.com\/index.php\/wp-json\/wp\/v2\/media?parent=179"}],"curies":[{"name":"wp","href":"https:\/\/api.w.org\/{rel}","templated":true}]}}