{"id":197,"date":"2015-08-12T15:56:38","date_gmt":"2015-08-12T14:56:38","guid":{"rendered":"http:\/\/www.hac-hockey.com\/?page_id=197"},"modified":"2015-08-14T09:00:46","modified_gmt":"2015-08-14T08:00:46","slug":"telechargements","status":"publish","type":"page","link":"http:\/\/www.hac-hockey.com\/index.php\/telechargements\/","title":{"rendered":"T\u00e9l\u00e9chargements"},"content":{"rendered":"<p>Veuillez s\u00e9lectionner un \u00e9l\u00e9ment dans le sous-menu &#8230;<\/p>\n","protected":false},"excerpt":{"rendered":"<p>Veuillez s\u00e9lectionner un \u00e9l\u00e9ment dans le sous-menu &#8230;<\/p>\n","protected":false},"author":1,"featured_media":0,"parent":0,"menu_order":0,"comment_status":"closed","ping_status":"open","template":"","meta":{"_mi_skip_tracking":false,"spay_email":"","footnotes":""},"class_list":["post-197","page","type-page","status-publish","hentry"],"jetpack_sharing_enabled":false,"_links":{"self":[{"href":"http:\/\/www.hac-hockey.com\/index.php\/wp-json\/wp\/v2\/pages\/197","targetHints":{"allow":["GET"]}}],"collection":[{"href":"http:\/\/www.hac-hockey.com\/index.php\/wp-json\/wp\/v2\/pages"}],"about":[{"href":"http:\/\/www.hac-hockey.com\/index.php\/wp-json\/wp\/v2\/types\/page"}],"author":[{"embeddable":true,"href":"http:\/\/www.hac-hockey.com\/index.php\/wp-json\/wp\/v2\/users\/1"}],"replies":[{"embeddable":true,"href":"http:\/\/www.hac-hockey.com\/index.php\/wp-json\/wp\/v2\/comments?post=197"}],"version-history":[{"count":3,"href":"http:\/\/www.hac-hockey.com\/index.php\/wp-json\/wp\/v2\/pages\/197\/revisions"}],"predecessor-version":[{"id":5662,"href":"http:\/\/www.hac-hockey.com\/index.php\/wp-json\/wp\/v2\/pages\/197\/revisions\/5662"}],"wp:attachment":[{"href":"http:\/\/www.hac-hockey.com\/index.php\/wp-json\/wp\/v2\/media?parent=197"}],"curies":[{"name":"wp","href":"https:\/\/api.w.org\/{rel}","templated":true}]}}