{"id":287,"date":"2015-08-21T15:10:34","date_gmt":"2015-08-21T14:10:34","guid":{"rendered":"http:\/\/www.hac-hockey.com\/?page_id=287"},"modified":"2015-08-21T15:10:34","modified_gmt":"2015-08-21T14:10:34","slug":"divers","status":"publish","type":"page","link":"http:\/\/www.hac-hockey.com\/index.php\/divers\/","title":{"rendered":"Divers"},"content":{"rendered":"<p>Veuillez s\u00e9lectionner un \u00e9l\u00e9ment dans le sous-menu &#8230;<\/p>\n","protected":false},"excerpt":{"rendered":"<p>Veuillez s\u00e9lectionner un \u00e9l\u00e9ment dans le sous-menu &#8230;<\/p>\n","protected":false},"author":1,"featured_media":0,"parent":0,"menu_order":0,"comment_status":"closed","ping_status":"closed","template":"","meta":{"_mi_skip_tracking":false,"spay_email":"","footnotes":""},"class_list":["post-287","page","type-page","status-publish","hentry"],"jetpack_sharing_enabled":false,"_links":{"self":[{"href":"http:\/\/www.hac-hockey.com\/index.php\/wp-json\/wp\/v2\/pages\/287","targetHints":{"allow":["GET"]}}],"collection":[{"href":"http:\/\/www.hac-hockey.com\/index.php\/wp-json\/wp\/v2\/pages"}],"about":[{"href":"http:\/\/www.hac-hockey.com\/index.php\/wp-json\/wp\/v2\/types\/page"}],"author":[{"embeddable":true,"href":"http:\/\/www.hac-hockey.com\/index.php\/wp-json\/wp\/v2\/users\/1"}],"replies":[{"embeddable":true,"href":"http:\/\/www.hac-hockey.com\/index.php\/wp-json\/wp\/v2\/comments?post=287"}],"version-history":[{"count":2,"href":"http:\/\/www.hac-hockey.com\/index.php\/wp-json\/wp\/v2\/pages\/287\/revisions"}],"predecessor-version":[{"id":4574,"href":"http:\/\/www.hac-hockey.com\/index.php\/wp-json\/wp\/v2\/pages\/287\/revisions\/4574"}],"wp:attachment":[{"href":"http:\/\/www.hac-hockey.com\/index.php\/wp-json\/wp\/v2\/media?parent=287"}],"curies":[{"name":"wp","href":"https:\/\/api.w.org\/{rel}","templated":true}]}}