{"id":325,"date":"2015-09-01T12:35:13","date_gmt":"2015-09-01T11:35:13","guid":{"rendered":"http:\/\/www.hac-hockey.com\/?page_id=325"},"modified":"2022-04-04T17:18:51","modified_gmt":"2022-04-04T15:18:51","slug":"permanences-materiel","status":"publish","type":"page","link":"http:\/\/www.hac-hockey.com\/index.php\/informations-utiles\/permanences-materiel\/","title":{"rendered":"Permanences mat\u00e9riel"},"content":{"rendered":"<p><img loading=\"lazy\" decoding=\"async\" data-attachment-id=\"1317\" data-permalink=\"http:\/\/www.hac-hockey.com\/index.php\/2017\/08\/24\/vente-et-echange-de-materiel\/hockey-equipment\/\" data-orig-file=\"https:\/\/i0.wp.com\/www.hac-hockey.com\/wp-content\/uploads\/2017\/08\/hockey-equipment.png?fit=1200%2C720\" data-orig-size=\"1200,720\" data-comments-opened=\"0\" data-image-meta=\"{&quot;aperture&quot;:&quot;0&quot;,&quot;credit&quot;:&quot;&quot;,&quot;camera&quot;:&quot;&quot;,&quot;caption&quot;:&quot;&quot;,&quot;created_timestamp&quot;:&quot;0&quot;,&quot;copyright&quot;:&quot;&quot;,&quot;focal_length&quot;:&quot;0&quot;,&quot;iso&quot;:&quot;0&quot;,&quot;shutter_speed&quot;:&quot;0&quot;,&quot;title&quot;:&quot;&quot;,&quot;orientation&quot;:&quot;0&quot;}\" data-image-title=\"hockey-equipment\" data-image-description=\"&lt;p&gt;Equipement de hockey&lt;\/p&gt;\n\" data-image-caption=\"&lt;p&gt;Equipement de hockey&lt;\/p&gt;\n\" data-medium-file=\"https:\/\/i0.wp.com\/www.hac-hockey.com\/wp-content\/uploads\/2017\/08\/hockey-equipment.png?fit=300%2C180\" data-large-file=\"https:\/\/i0.wp.com\/www.hac-hockey.com\/wp-content\/uploads\/2017\/08\/hockey-equipment.png?fit=955%2C573\" class=\"size-medium wp-image-1317 alignleft\" src=\"https:\/\/i0.wp.com\/www.hac-hockey.com\/wp-content\/uploads\/2017\/08\/hockey-equipment-300x180.png?resize=300%2C180\" alt=\"Equipement de hockey\" width=\"300\" height=\"180\" srcset=\"https:\/\/i0.wp.com\/www.hac-hockey.com\/wp-content\/uploads\/2017\/08\/hockey-equipment.png?resize=300%2C180 300w, https:\/\/i0.wp.com\/www.hac-hockey.com\/wp-content\/uploads\/2017\/08\/hockey-equipment.png?resize=768%2C461 768w, https:\/\/i0.wp.com\/www.hac-hockey.com\/wp-content\/uploads\/2017\/08\/hockey-equipment.png?resize=1024%2C614 1024w, https:\/\/i0.wp.com\/www.hac-hockey.com\/wp-content\/uploads\/2017\/08\/hockey-equipment.png?w=1200 1200w\" sizes=\"auto, (max-width: 300px) 100vw, 300px\" data-recalc-dims=\"1\" \/><\/p>\n<p>Les permanences mat\u00e9riel auront lieu les Samedis de 12h45 \u00e0 13h45.<\/p>\n<p>Vous retrouverez Martina &amp; C\u00e9line, qui saura vous conseiller et prendre vos commandes.<\/p>\n<p>Vous pouvez \u00e9galement la contacter sur son adresse mail : <a href=\"mailto:martina.zavodna33@gmail.com\" data-wplink-edit=\"true\">equipement@hac-hockey.com<\/a><\/p>\n<p>\u00a0<\/p>\n\n\n<p><\/p>\n","protected":false},"excerpt":{"rendered":"<p>Les permanences mat\u00e9riel auront lieu les Samedis de 12h45 \u00e0 13h45. Vous retrouverez Martina &amp; C\u00e9line, qui saura vous conseiller et prendre vos commandes. Vous pouvez \u00e9galement la contacter sur son adresse mail : equipement@hac-hockey.com \u00a0<\/p>\n","protected":false},"author":1,"featured_media":0,"parent":175,"menu_order":0,"comment_status":"closed","ping_status":"closed","template":"","meta":{"_mi_skip_tracking":false,"spay_email":"","footnotes":""},"class_list":["post-325","page","type-page","status-publish","hentry"],"jetpack_sharing_enabled":false,"_links":{"self":[{"href":"http:\/\/www.hac-hockey.com\/index.php\/wp-json\/wp\/v2\/pages\/325","targetHints":{"allow":["GET"]}}],"collection":[{"href":"http:\/\/www.hac-hockey.com\/index.php\/wp-json\/wp\/v2\/pages"}],"about":[{"href":"http:\/\/www.hac-hockey.com\/index.php\/wp-json\/wp\/v2\/types\/page"}],"author":[{"embeddable":true,"href":"http:\/\/www.hac-hockey.com\/index.php\/wp-json\/wp\/v2\/users\/1"}],"replies":[{"embeddable":true,"href":"http:\/\/www.hac-hockey.com\/index.php\/wp-json\/wp\/v2\/comments?post=325"}],"version-history":[{"count":6,"href":"http:\/\/www.hac-hockey.com\/index.php\/wp-json\/wp\/v2\/pages\/325\/revisions"}],"predecessor-version":[{"id":4584,"href":"http:\/\/www.hac-hockey.com\/index.php\/wp-json\/wp\/v2\/pages\/325\/revisions\/4584"}],"up":[{"embeddable":true,"href":"http:\/\/www.hac-hockey.com\/index.php\/wp-json\/wp\/v2\/pages\/175"}],"wp:attachment":[{"href":"http:\/\/www.hac-hockey.com\/index.php\/wp-json\/wp\/v2\/media?parent=325"}],"curies":[{"name":"wp","href":"https:\/\/api.w.org\/{rel}","templated":true}]}}