{"id":80,"date":"2015-08-11T15:38:29","date_gmt":"2015-08-11T14:38:29","guid":{"rendered":"http:\/\/www.hac-hockey.com\/?page_id=80"},"modified":"2022-04-05T07:58:04","modified_gmt":"2022-04-05T05:58:04","slug":"historique","status":"publish","type":"page","link":"http:\/\/www.hac-hockey.com\/index.php\/le-club\/historique\/","title":{"rendered":"Historique"},"content":{"rendered":"<h2><strong>LA CREATION DU CLUB<\/strong><\/h2>\n<p>Le club de hockey du Havre a \u00e9t\u00e9 cr\u00e9\u00e9 en novembre 1974. Il s\u2019appelait \u00e0 l&#8217;\u00e9poque &#8220;Club des Sports de Glace du Havre &#8211; section hockey&#8221;. Le pr\u00e9sident en \u00e9tait Thierry Lacari\u00e8rre.<\/p>\n<div id=\"attachment_81\" style=\"width: 236px\" class=\"wp-caption alignleft\"><a href=\"https:\/\/i0.wp.com\/www.hac-hockey.com\/wp-content\/uploads\/2015\/08\/1er-logo.jpg\"><img loading=\"lazy\" decoding=\"async\" aria-describedby=\"caption-attachment-81\" data-attachment-id=\"81\" data-permalink=\"http:\/\/www.hac-hockey.com\/index.php\/le-club\/historique\/1er-logo\/\" data-orig-file=\"https:\/\/i0.wp.com\/www.hac-hockey.com\/wp-content\/uploads\/2015\/08\/1er-logo.jpg?fit=226%2C231\" data-orig-size=\"226,231\" data-comments-opened=\"0\" data-image-meta=\"{&quot;aperture&quot;:&quot;0&quot;,&quot;credit&quot;:&quot;&quot;,&quot;camera&quot;:&quot;&quot;,&quot;caption&quot;:&quot;&quot;,&quot;created_timestamp&quot;:&quot;0&quot;,&quot;copyright&quot;:&quot;&quot;,&quot;focal_length&quot;:&quot;0&quot;,&quot;iso&quot;:&quot;0&quot;,&quot;shutter_speed&quot;:&quot;0&quot;,&quot;title&quot;:&quot;&quot;,&quot;orientation&quot;:&quot;0&quot;}\" data-image-title=\"CSGH\" data-image-description=\"&lt;p&gt;CSGH&lt;\/p&gt;\n\" data-image-caption=\"&lt;p&gt;Le logo du CSGH&lt;\/p&gt;\n\" data-medium-file=\"https:\/\/i0.wp.com\/www.hac-hockey.com\/wp-content\/uploads\/2015\/08\/1er-logo.jpg?fit=226%2C231\" data-large-file=\"https:\/\/i0.wp.com\/www.hac-hockey.com\/wp-content\/uploads\/2015\/08\/1er-logo.jpg?fit=226%2C231\" class=\"wp-image-81 size-full\" src=\"https:\/\/i0.wp.com\/www.hac-hockey.com\/wp-content\/uploads\/2015\/08\/1er-logo.jpg?resize=226%2C231\" alt=\"CSGH\" width=\"226\" height=\"231\" srcset=\"https:\/\/i0.wp.com\/www.hac-hockey.com\/wp-content\/uploads\/2015\/08\/1er-logo.jpg?w=226 226w, https:\/\/i0.wp.com\/www.hac-hockey.com\/wp-content\/uploads\/2015\/08\/1er-logo.jpg?resize=50%2C50 50w\" sizes=\"auto, (max-width: 226px) 100vw, 226px\" data-recalc-dims=\"1\" \/><\/a><p id=\"caption-attachment-81\" class=\"wp-caption-text\">Le logo du CSGH<\/p><\/div>\n<p>Le 1er match a eu lieu en mai 1975, et s&#8217;est jou\u00e9 face \u00e0 Deuil-la-barre, club de la banlieue parisienne. Auparavant, en mars 1975, un tournoi de hockey avait \u00e9t\u00e9 organis\u00e9, avec la participation de clubs tels : Les Fran\u00e7ais Volants, Lille, Gap (le champion de France 75), Caen (le champion de France de Nationale 3). Pendant quatre saisons, le club havrais va participer a des tournois, des championnats non officiels avec des clubs de Paris, Rouen, Caen.<\/p>\n<p>La premi\u00e8re victoire du Havre contre Rouen fut acquise en novembre 1976, sur le score de 6 \u00e0 4 !<br \/>\nPuis le temps des championnats officiels va arriver \u00e0 partir de 1980 avec la premi\u00e8re participation au championnat de Division 3. Ce championnat de Normandie mettait en prise les clubs de Caen, Rouen, Cherbourg.<\/p>\n<p>La pr\u00e9sidence du club fut ensuite occup\u00e9e par Jean Pierre Tref et les entrainements \u00e9taient assur\u00e9s par Thierry Lecoq.<\/p>\n<h2><strong>LES ANNEES 80-90<\/strong><\/h2>\n<p>Puis, le club a acquis son &#8220;autonomie&#8221; sous le nom de HCH (&#8220;Hockey Club du Havre&#8221;).<\/p>\n<p>Fin des ann\u00e9es 80, sous la pr\u00e9sidence de Jean Deseigne et avec l&#8217;arriv\u00e9e d&#8217;un entra\u00eeneur d&#8217;origine am\u00e9ricaine, Douglas Wayne, les jeunes du club commen\u00e7aient \u00e0 bien progresser et \u00e0 rivaliser avec les &#8220;grands&#8221; (Rouen et Caen).<\/p>\n<p>Marc Livet, les ann\u00e9es suivantes, am\u00e8ne les jeunes \u00e0 poursuivre leur ascension, imposant rigueur et respect au sein des diff\u00e9rentes \u00e9quipes.<\/p>\n<div id=\"attachment_82\" style=\"width: 230px\" class=\"wp-caption alignright\"><a href=\"https:\/\/i0.wp.com\/www.hac-hockey.com\/wp-content\/uploads\/2015\/08\/HCH_small.jpg\"><img loading=\"lazy\" decoding=\"async\" aria-describedby=\"caption-attachment-82\" data-attachment-id=\"82\" data-permalink=\"http:\/\/www.hac-hockey.com\/index.php\/le-club\/historique\/hch_small\/\" data-orig-file=\"https:\/\/i0.wp.com\/www.hac-hockey.com\/wp-content\/uploads\/2015\/08\/HCH_small.jpg?fit=220%2C220\" data-orig-size=\"220,220\" data-comments-opened=\"0\" data-image-meta=\"{&quot;aperture&quot;:&quot;0&quot;,&quot;credit&quot;:&quot;&quot;,&quot;camera&quot;:&quot;&quot;,&quot;caption&quot;:&quot;&quot;,&quot;created_timestamp&quot;:&quot;0&quot;,&quot;copyright&quot;:&quot;&quot;,&quot;focal_length&quot;:&quot;0&quot;,&quot;iso&quot;:&quot;0&quot;,&quot;shutter_speed&quot;:&quot;0&quot;,&quot;title&quot;:&quot;&quot;,&quot;orientation&quot;:&quot;1&quot;}\" data-image-title=\"HCH\" data-image-description=\"&lt;p&gt;HCH&lt;\/p&gt;\n\" data-image-caption=\"&lt;p&gt;HCH&lt;\/p&gt;\n\" data-medium-file=\"https:\/\/i0.wp.com\/www.hac-hockey.com\/wp-content\/uploads\/2015\/08\/HCH_small.jpg?fit=220%2C220\" data-large-file=\"https:\/\/i0.wp.com\/www.hac-hockey.com\/wp-content\/uploads\/2015\/08\/HCH_small.jpg?fit=220%2C220\" class=\"wp-image-82 size-full\" src=\"https:\/\/i0.wp.com\/www.hac-hockey.com\/wp-content\/uploads\/2015\/08\/HCH_small.jpg?resize=220%2C220\" alt=\"HCH\" width=\"220\" height=\"220\" srcset=\"https:\/\/i0.wp.com\/www.hac-hockey.com\/wp-content\/uploads\/2015\/08\/HCH_small.jpg?w=220 220w, https:\/\/i0.wp.com\/www.hac-hockey.com\/wp-content\/uploads\/2015\/08\/HCH_small.jpg?resize=150%2C150 150w, https:\/\/i0.wp.com\/www.hac-hockey.com\/wp-content\/uploads\/2015\/08\/HCH_small.jpg?resize=50%2C50 50w\" sizes=\"auto, (max-width: 220px) 100vw, 220px\" data-recalc-dims=\"1\" \/><\/a><p id=\"caption-attachment-82\" class=\"wp-caption-text\">Le logo du Hockey Club du Havre<\/p><\/div>\n<p>Milieu des ann\u00e9es 90, Jean Luc Laigre prend la direction du club, direction qu&#8217;il gardera pr\u00e8s de 10 ans.<\/p>\n<p>Une saison pass\u00e9e avec Daniel Maric am\u00e8ne une exp\u00e9rience en plus. La progression est de plus en plus palpable.<\/p>\n<p>Le club continue son ascension, notamment avec l&#8217;arriv\u00e9e en 1993 de l&#8217;entraineur polonais Kajik Leszko.<\/p>\n<p>1994, pour la premi\u00e8re fois de son histoire, le club parvient \u00e0 aligner une \u00e9quipe en Junior Elite.<\/p>\n<p>En parall\u00e8le, les joueurs juniors viennent apporter soutien \u00e0 l&#8217;\u00e9quipe D3. Les r\u00e9sultats sont bons.<\/p>\n<p>Fin des ann\u00e9es 90, d\u00e9but 2000, Pierrick Maia prend les commandes de l&#8217;\u00e9quipe. L&#8217;objectif est clair, acc\u00e9der rapidement \u00e0 la division du dessus.<\/p>\n<h2><strong>LES ANNEES 2000<\/strong><\/h2>\n<p>Le club adopta le nom de &#8220;HAC Hockey&#8221; en 2001.<\/p>\n<div id=\"attachment_18\" style=\"width: 219px\" class=\"wp-caption alignleft\"><a href=\"https:\/\/i0.wp.com\/www.hac-hockey.com\/wp-content\/uploads\/2015\/08\/logo_transparent.png\"><img loading=\"lazy\" decoding=\"async\" aria-describedby=\"caption-attachment-18\" data-attachment-id=\"18\" data-permalink=\"http:\/\/www.hac-hockey.com\/index.php\/le-club\/historique\/logo_transparent\/\" data-orig-file=\"https:\/\/i0.wp.com\/www.hac-hockey.com\/wp-content\/uploads\/2015\/08\/logo_transparent.png?fit=300%2C430\" data-orig-size=\"300,430\" data-comments-opened=\"0\" data-image-meta=\"{&quot;aperture&quot;:&quot;0&quot;,&quot;credit&quot;:&quot;&quot;,&quot;camera&quot;:&quot;&quot;,&quot;caption&quot;:&quot;&quot;,&quot;created_timestamp&quot;:&quot;0&quot;,&quot;copyright&quot;:&quot;&quot;,&quot;focal_length&quot;:&quot;0&quot;,&quot;iso&quot;:&quot;0&quot;,&quot;shutter_speed&quot;:&quot;0&quot;,&quot;title&quot;:&quot;&quot;,&quot;orientation&quot;:&quot;0&quot;}\" data-image-title=\"logo_transparent\" data-image-description=\"\" data-image-caption=\"\" data-medium-file=\"https:\/\/i0.wp.com\/www.hac-hockey.com\/wp-content\/uploads\/2015\/08\/logo_transparent.png?fit=209%2C300\" data-large-file=\"https:\/\/i0.wp.com\/www.hac-hockey.com\/wp-content\/uploads\/2015\/08\/logo_transparent.png?fit=300%2C430\" class=\"wp-image-18 size-medium\" src=\"https:\/\/i0.wp.com\/www.hac-hockey.com\/wp-content\/uploads\/2015\/08\/logo_transparent.png?resize=209%2C300\" alt=\"HAC\" width=\"209\" height=\"300\" srcset=\"https:\/\/i0.wp.com\/www.hac-hockey.com\/wp-content\/uploads\/2015\/08\/logo_transparent.png?resize=209%2C300 209w, https:\/\/i0.wp.com\/www.hac-hockey.com\/wp-content\/uploads\/2015\/08\/logo_transparent.png?w=300 300w\" sizes=\"auto, (max-width: 209px) 100vw, 209px\" data-recalc-dims=\"1\" \/><\/a><p id=\"caption-attachment-18\" class=\"wp-caption-text\">Le logo actuel du club<\/p><\/div>\n<p><em>Avant m\u00eame de d\u00e9marrer, cette saison s\u2019inscrit d\u00e9j\u00e0 dans les annales du Hockey club du Havre. Non seulement le club rejoint le championnat de Division 2, mais il int\u00e8gre la grande famille du Hac omnisports.<\/em><\/p>\n<p><cite title=\"&quot;Oceanes&quot; d'octobre 2001 - Page 30 : Laurence SOULARD\"><em>Qui a dit que la glace conserve? Au vu de tous les changements survenus au Hockey club du Havre durant l\u2019intersaison, la question peut raisonnablement se poser. Le premier bouleversement fut plut\u00f4t une tr\u00e8s bonne surprise pour le HCH. Au terme de la saison pass\u00e9e, la Commission sportive nationale de hockey sur glace masculin a permis aux clubs de Chamonix et du Havre d\u2019int\u00e9grer le championnat de deuxi\u00e8me division pour l\u2019exercice 2001\/2002. La partie n\u2019\u00e9tait pourtant pas jou\u00e9e d\u2019avance car six pr\u00e9tendants \u00e0 cette mont\u00e9e sur tapis vert avaient fait acte de candidature. Malgr\u00e9 un budget tr\u00e8s modeste, le Hockey club du Havre a emport\u00e9 assez largement l\u2019adh\u00e9sion de la commission. Il faut dire que le HCH fait partie des bons \u00e9l\u00e8ves du hockey sur glace. Discr\u00e8tement mais s\u00fbrement, le club s\u2019est structur\u00e9, axant sa politique sur la formation des jeunes. Les r\u00e9sultats commencent \u00e0 payer puisque les benjamins du club sont devenus champions de Normandie la saison derni\u00e8re. De plus, les seniors ont montr\u00e9 qu\u2019ils ne leur manquaient pas grand chose pour franchir le cap de la deuxi\u00e8me division car voil\u00e0 plusieurs saisons qu\u2019ils acc\u00e8dent aux phases finales d\u2019accession \u00e0 la D2, \u00e9chouant \u00e0 chaque fois d\u2019un rien aux portes de la mont\u00e9e.<\/em><\/cite><\/p>\n<p><cite title=\"&quot;Oceanes&quot; d'octobre 2001 - Page 30 : Laurence SOULARD\"><em><strong>Dans le giron du Hac<\/strong><\/em><\/cite><\/p>\n<blockquote><p><cite title=\"&quot;Oceanes&quot; d'octobre 2001 - Page 30 : Laurence SOULARD\"><em>Une bonne nouvelle n\u2019arrivant jamais seule, le Hockey club du Havre a \u00e9galement profit\u00e9 de l\u2019opportunit\u00e9 qui lui a \u00e9t\u00e9 propos\u00e9e de faire partie de la grande famille du Hac omnisports. Depuis le 22 septembre dernier, date du d\u00e9but du championnat, le HCH est donc officiellement devenu le Hac Hockey sur glace sur toutes les patinoires de D2. L\u2019int\u00e9gration dans le giron Ciel et Marine va \u00e9galement permettre au club de rompre son isolement en profitant de la \u00ab visibilit\u00e9 \u00bb et de la r\u00e9putation d\u2019un club aussi prestigieux que le Hac.<br \/>\nNantis d\u2019une identit\u00e9 toute neuve, les hockeyeurs havrais devront tout de m\u00eame s\u2019accrocher dans un championnat qui s\u2019annonce tr\u00e8s relev\u00e9. Deux poules de douze clubs s\u2019affrontent s\u00e9par\u00e9ment au fil des 22 journ\u00e9es qui constituent le championnat r\u00e9gulier. Puis, le premier de chaque poule rencontrera le deuxi\u00e8me de l\u2019autre groupe, les deux vainqueurs disputant ensuite la finale pour le titre de champion de D2 et l\u2019accession en Nationale 1.<br \/>\nSans autre ambition que celle de se maintenir, le Hac Hockey sur glace compte plus que jamais sur l\u2019exp\u00e9rience et la technique de jeu de Pierrick Ma\u00efa, ancien International A et ancien capitaine des Dragons de Rouen. Lanc\u00e9 sur de nouveaux rails, le club ne doit pas s\u2019arr\u00eater en si bon chemin.<\/em><\/cite><\/p><\/blockquote>\n<p><em>Laurence Soulard<\/em><\/p>\n<p>Depuis lors, Denis Hondier et Guy Alain Micout se sont succ\u00e9d\u00e9s \u00e0 la pr\u00e9sidence.<\/p>\n<p>A la suite d&#8217;une assembl\u00e9e g\u00e9n\u00e9rale exceptionnelle courant d\u00e9cembre 2006, il a \u00e9t\u00e9 d\u00e9cid\u00e9 que le club du Havre jouerait de nouveau en D3 pour la saison 2007-2008, n&#8217;ayant pas trouv\u00e9 de terrain d&#8217;entente avec le club de Rouen qui faisait \u00e9voluer ses joueurs sous les couleurs ciel et marine.<\/p>\n<p>Mme H\u00e9l\u00e8ne Bara prit la suite \u00e0 la fin de la saison 2007 pour c\u00e9der sa place \u00e0 monsieur Thierry Bodenant en 2009.<\/p>\n<p>Juin 2012 voyait le retour de monsieur Jean-Pierre Tref \u00e0 la pr\u00e9sidence du club, succ\u00e9d\u00e9 en 2015 par Iljo Bundevski.<\/p>\n<p>Depuis 2014, monsieur Richard Zavodny est l&#8217;entraineur du club, du mineur au majeur.<\/p>\n<p>Depuis 2021, Nicolas Lepape a pris la suite \u00e0 la pr\u00e9sidence et essaye d&#8217;insuffler une nouvelle dynamique en changeant l&#8217;image du club et redonner envie aux Havrais de pratiquer le Hockey sur Glace.<\/p>\n<p><a href=\"https:\/\/i0.wp.com\/www.hac-hockey.com\/wp-content\/uploads\/2022\/01\/LOGOS-BULLDOCKS-1-e1642962385371.png\"><img loading=\"lazy\" decoding=\"async\" data-attachment-id=\"4339\" data-permalink=\"http:\/\/www.hac-hockey.com\/index.php\/2022\/01\/23\/nouvelle-identite-visuelle\/logos-bulldocks-3\/\" data-orig-file=\"https:\/\/i0.wp.com\/www.hac-hockey.com\/wp-content\/uploads\/2022\/01\/LOGOS-BULLDOCKS-1-e1642962385371.png?fit=400%2C355\" data-orig-size=\"400,355\" data-comments-opened=\"0\" data-image-meta=\"{&quot;aperture&quot;:&quot;0&quot;,&quot;credit&quot;:&quot;&quot;,&quot;camera&quot;:&quot;&quot;,&quot;caption&quot;:&quot;&quot;,&quot;created_timestamp&quot;:&quot;0&quot;,&quot;copyright&quot;:&quot;&quot;,&quot;focal_length&quot;:&quot;0&quot;,&quot;iso&quot;:&quot;0&quot;,&quot;shutter_speed&quot;:&quot;0&quot;,&quot;title&quot;:&quot;&quot;,&quot;orientation&quot;:&quot;0&quot;}\" data-image-title=\"LOGOS BULLDOCK&amp;#8217;S\" data-image-description=\"\" data-image-caption=\"\" data-medium-file=\"https:\/\/i0.wp.com\/www.hac-hockey.com\/wp-content\/uploads\/2022\/01\/LOGOS-BULLDOCKS-1-e1642962385371.png?fit=300%2C266\" data-large-file=\"https:\/\/i0.wp.com\/www.hac-hockey.com\/wp-content\/uploads\/2022\/01\/LOGOS-BULLDOCKS-1-e1642962385371.png?fit=400%2C355\" class=\"size-full wp-image-4339 aligncenter\" src=\"https:\/\/i0.wp.com\/www.hac-hockey.com\/wp-content\/uploads\/2022\/01\/LOGOS-BULLDOCKS-1-e1642962385371.png?resize=400%2C355\" alt=\"\" width=\"400\" height=\"355\" data-recalc-dims=\"1\" \/><\/a><\/p>\n<h2><strong>LE PALMARES<\/strong><\/h2>\n<ul>\n<li>Champion du championnat Excellence U15 2016<\/li>\n<li>Champions Pee Wee B 2013<\/li>\n<li>Champions de Normandie Poussins en 2008<\/li>\n<li>Champion de France Cadet Excellence en 2006<\/li>\n<li>M\u00e9daille de bronze au championnat de France Cadet en 2005<\/li>\n<li>Champion de France Loisirs en 2005<\/li>\n<li>Champion de Normandie Poussins en 2002<\/li>\n<li>Champion de Normandie Benjamins en 2001<\/li>\n<li>Passage de la division 3 \u00e0 la division 2 en 2001<\/li>\n<li>Champions de France Nord Cadets en 1992<\/li>\n<\/ul>\n<h2><strong>LES ANECDOTES<\/strong><\/h2>\n<p><em>GET MINT<\/em> fut le premier sponsor du hockey au Havre (avant la loi Evin).<\/p>\n<p><strong>Les premiers joueurs du Havre :<\/strong><\/p>\n<p>Le tout premier gardien du Havre fut Lionel Noray (dit &#8220;yoyo&#8221;), il y a eu ensuite Thierry Crevel (dit \u2018\u00a0ti cre\u2019). On se souvient encore de Patrick Delaude, Max Robert, JC Maigrot (1<sup>er<\/sup> entraineur), Philippe Panchou, Olivier Colliard , Jos\u00e9 Rodriguez, et aussi des Lemarchadour , Lechat (dit &#8220;minet&#8221;), Parthenay, Janus, JP J\u00e9r\u00f4me , Erick Couturier (directeur actuel d\u2019une patinoire sur paris), J\u00e9r\u00f4me Merle. Trois joueurs, parmi lesquels Dominique H\u00e9bert(dit \u2018mino\u2019), Eric Blondeau, Richard Fr\u00e9bourg avaient le double surclassement qui faisait souvent la 1<sup>\u00e8re<\/sup> ligne.<\/p>\n<div class=\"sharedaddy sd-sharing-enabled\"><div class=\"robots-nocontent sd-block sd-social sd-social-icon sd-sharing\"><div class=\"sd-content\"><ul><li class=\"share-print\"><a rel=\"nofollow noopener noreferrer\" data-shared=\"\" class=\"share-print sd-button share-icon no-text\" href=\"http:\/\/www.hac-hockey.com\/index.php\/le-club\/historique\/\" target=\"_blank\" title=\"Cliquer pour imprimer\"><span><\/span><span class=\"sharing-screen-reader-text\">Cliquer pour imprimer(ouvre dans une nouvelle fen\u00eatre)<\/span><\/a><\/li><li class=\"share-facebook\"><a rel=\"nofollow noopener noreferrer\" data-shared=\"sharing-facebook-80\" class=\"share-facebook sd-button share-icon no-text\" href=\"http:\/\/www.hac-hockey.com\/index.php\/le-club\/historique\/?share=facebook\" target=\"_blank\" title=\"Cliquez pour partager sur Facebook\"><span><\/span><span class=\"sharing-screen-reader-text\">Cliquez pour partager sur Facebook(ouvre dans une nouvelle fen\u00eatre)<\/span><\/a><\/li><li class=\"share-end\"><\/li><\/ul><\/div><\/div><\/div>","protected":false},"excerpt":{"rendered":"<p>LA CREATION DU CLUB Le club de hockey du Havre a \u00e9t\u00e9 cr\u00e9\u00e9 en novembre 1974. Il s\u2019appelait \u00e0 l&#8217;\u00e9poque &#8220;Club des Sports de Glace du Havre &#8211; section hockey&#8221;. Le pr\u00e9sident en \u00e9tait Thierry Lacari\u00e8rre. Le 1er match a eu lieu en mai 1975, et s&#8217;est jou\u00e9 face \u00e0 Deuil-la-barre, club de la banlieue [&hellip;]<\/p>\n<div class=\"sharedaddy sd-sharing-enabled\"><div class=\"robots-nocontent sd-block sd-social sd-social-icon sd-sharing\"><div class=\"sd-content\"><ul><li class=\"share-print\"><a rel=\"nofollow noopener noreferrer\" data-shared=\"\" class=\"share-print sd-button share-icon no-text\" href=\"http:\/\/www.hac-hockey.com\/index.php\/le-club\/historique\/\" target=\"_blank\" title=\"Cliquer pour imprimer\"><span><\/span><span class=\"sharing-screen-reader-text\">Cliquer pour imprimer(ouvre dans une nouvelle fen\u00eatre)<\/span><\/a><\/li><li class=\"share-facebook\"><a rel=\"nofollow noopener noreferrer\" data-shared=\"sharing-facebook-80\" class=\"share-facebook sd-button share-icon no-text\" href=\"http:\/\/www.hac-hockey.com\/index.php\/le-club\/historique\/?share=facebook\" target=\"_blank\" title=\"Cliquez pour partager sur Facebook\"><span><\/span><span class=\"sharing-screen-reader-text\">Cliquez pour partager sur Facebook(ouvre dans une nouvelle fen\u00eatre)<\/span><\/a><\/li><li class=\"share-end\"><\/li><\/ul><\/div><\/div><\/div>","protected":false},"author":1,"featured_media":0,"parent":179,"menu_order":0,"comment_status":"closed","ping_status":"open","template":"","meta":{"_mi_skip_tracking":false,"spay_email":"","footnotes":""},"class_list":["post-80","page","type-page","status-publish","hentry"],"jetpack_sharing_enabled":true,"_links":{"self":[{"href":"http:\/\/www.hac-hockey.com\/index.php\/wp-json\/wp\/v2\/pages\/80","targetHints":{"allow":["GET"]}}],"collection":[{"href":"http:\/\/www.hac-hockey.com\/index.php\/wp-json\/wp\/v2\/pages"}],"about":[{"href":"http:\/\/www.hac-hockey.com\/index.php\/wp-json\/wp\/v2\/types\/page"}],"author":[{"embeddable":true,"href":"http:\/\/www.hac-hockey.com\/index.php\/wp-json\/wp\/v2\/users\/1"}],"replies":[{"embeddable":true,"href":"http:\/\/www.hac-hockey.com\/index.php\/wp-json\/wp\/v2\/comments?post=80"}],"version-history":[{"count":8,"href":"http:\/\/www.hac-hockey.com\/index.php\/wp-json\/wp\/v2\/pages\/80\/revisions"}],"predecessor-version":[{"id":4602,"href":"http:\/\/www.hac-hockey.com\/index.php\/wp-json\/wp\/v2\/pages\/80\/revisions\/4602"}],"up":[{"embeddable":true,"href":"http:\/\/www.hac-hockey.com\/index.php\/wp-json\/wp\/v2\/pages\/179"}],"wp:attachment":[{"href":"http:\/\/www.hac-hockey.com\/index.php\/wp-json\/wp\/v2\/media?parent=80"}],"curies":[{"name":"wp","href":"https:\/\/api.w.org\/{rel}","templated":true}]}}