{"id":93,"date":"2015-08-11T16:02:29","date_gmt":"2015-08-11T15:02:29","guid":{"rendered":"http:\/\/www.hac-hockey.com\/?page_id=93"},"modified":"2023-08-28T15:23:34","modified_gmt":"2023-08-28T13:23:34","slug":"seances-gratuites-dinitiation","status":"publish","type":"page","link":"http:\/\/www.hac-hockey.com\/index.php\/telechargements\/seances-gratuites-dinitiation\/","title":{"rendered":"S\u00e9ance gratuite d&#8217;initiation"},"content":{"rendered":"<p><a href=\"https:\/\/i0.wp.com\/www.hac-hockey.com\/wp-content\/uploads\/2023\/08\/369845820_763948402406455_6342193546750912011_n.jpg\"><img loading=\"lazy\" decoding=\"async\" data-attachment-id=\"5682\" data-permalink=\"http:\/\/www.hac-hockey.com\/index.php\/2023\/08\/28\/venez-decouvrir-le-hockey\/369845820_763948402406455_6342193546750912011_n\/\" data-orig-file=\"https:\/\/i0.wp.com\/www.hac-hockey.com\/wp-content\/uploads\/2023\/08\/369845820_763948402406455_6342193546750912011_n.jpg?fit=1290%2C1806\" data-orig-size=\"1290,1806\" data-comments-opened=\"0\" data-image-meta=\"{&quot;aperture&quot;:&quot;0&quot;,&quot;credit&quot;:&quot;&quot;,&quot;camera&quot;:&quot;&quot;,&quot;caption&quot;:&quot;&quot;,&quot;created_timestamp&quot;:&quot;0&quot;,&quot;copyright&quot;:&quot;&quot;,&quot;focal_length&quot;:&quot;0&quot;,&quot;iso&quot;:&quot;0&quot;,&quot;shutter_speed&quot;:&quot;0&quot;,&quot;title&quot;:&quot;&quot;,&quot;orientation&quot;:&quot;0&quot;}\" data-image-title=\"369845820_763948402406455_6342193546750912011_n\" data-image-description=\"\" data-image-caption=\"\" data-medium-file=\"https:\/\/i0.wp.com\/www.hac-hockey.com\/wp-content\/uploads\/2023\/08\/369845820_763948402406455_6342193546750912011_n.jpg?fit=214%2C300\" data-large-file=\"https:\/\/i0.wp.com\/www.hac-hockey.com\/wp-content\/uploads\/2023\/08\/369845820_763948402406455_6342193546750912011_n.jpg?fit=731%2C1024\" class=\"alignnone size-full wp-image-5682\" src=\"https:\/\/i0.wp.com\/www.hac-hockey.com\/wp-content\/uploads\/2023\/08\/369845820_763948402406455_6342193546750912011_n.jpg?resize=955%2C1337\" alt=\"\" width=\"955\" height=\"1337\" srcset=\"https:\/\/i0.wp.com\/www.hac-hockey.com\/wp-content\/uploads\/2023\/08\/369845820_763948402406455_6342193546750912011_n.jpg?w=1290 1290w, https:\/\/i0.wp.com\/www.hac-hockey.com\/wp-content\/uploads\/2023\/08\/369845820_763948402406455_6342193546750912011_n.jpg?resize=214%2C300 214w, https:\/\/i0.wp.com\/www.hac-hockey.com\/wp-content\/uploads\/2023\/08\/369845820_763948402406455_6342193546750912011_n.jpg?resize=731%2C1024 731w, https:\/\/i0.wp.com\/www.hac-hockey.com\/wp-content\/uploads\/2023\/08\/369845820_763948402406455_6342193546750912011_n.jpg?resize=768%2C1075 768w, https:\/\/i0.wp.com\/www.hac-hockey.com\/wp-content\/uploads\/2023\/08\/369845820_763948402406455_6342193546750912011_n.jpg?resize=1097%2C1536 1097w\" sizes=\"auto, (max-width: 955px) 100vw, 955px\" data-recalc-dims=\"1\" \/><\/a><\/p>\n<p>Vous voulez inscrire votre enfant ? Pour plus d&#8217;informations sur l&#8217;\u00e9cole de hockey, <a href=\"http:\/\/www.hac-hockey.com\/index.php\/informations-utiles\/ecole-de-hockey\/\">cliquez ici<\/a> &#8230;<\/p>\n<p>Vous \u00eates un adulte et vous souhaitez d\u00e9buter le hockey sur glace ? Contactez directement le responsable des grands d\u00e9butants en vous r\u00e9f\u00e9rant au lien suivant : <a href=\"mailto:nicolas.lepape@hac-hockey.com\">cliquez ici<\/a>&#8230;<\/p>\n\n\n<p><\/p>\n","protected":false},"excerpt":{"rendered":"<p>Vous voulez inscrire votre enfant ? Pour plus d&#8217;informations sur l&#8217;\u00e9cole de hockey, cliquez ici &#8230; Vous \u00eates un adulte et vous souhaitez d\u00e9buter le hockey sur glace ? Contactez directement le responsable des grands d\u00e9butants en vous r\u00e9f\u00e9rant au lien suivant : cliquez ici&#8230;<\/p>\n","protected":false},"author":1,"featured_media":0,"parent":197,"menu_order":0,"comment_status":"closed","ping_status":"open","template":"","meta":{"_mi_skip_tracking":false,"spay_email":"","footnotes":""},"class_list":["post-93","page","type-page","status-publish","hentry"],"jetpack_sharing_enabled":false,"_links":{"self":[{"href":"http:\/\/www.hac-hockey.com\/index.php\/wp-json\/wp\/v2\/pages\/93","targetHints":{"allow":["GET"]}}],"collection":[{"href":"http:\/\/www.hac-hockey.com\/index.php\/wp-json\/wp\/v2\/pages"}],"about":[{"href":"http:\/\/www.hac-hockey.com\/index.php\/wp-json\/wp\/v2\/types\/page"}],"author":[{"embeddable":true,"href":"http:\/\/www.hac-hockey.com\/index.php\/wp-json\/wp\/v2\/users\/1"}],"replies":[{"embeddable":true,"href":"http:\/\/www.hac-hockey.com\/index.php\/wp-json\/wp\/v2\/comments?post=93"}],"version-history":[{"count":12,"href":"http:\/\/www.hac-hockey.com\/index.php\/wp-json\/wp\/v2\/pages\/93\/revisions"}],"predecessor-version":[{"id":5710,"href":"http:\/\/www.hac-hockey.com\/index.php\/wp-json\/wp\/v2\/pages\/93\/revisions\/5710"}],"up":[{"embeddable":true,"href":"http:\/\/www.hac-hockey.com\/index.php\/wp-json\/wp\/v2\/pages\/197"}],"wp:attachment":[{"href":"http:\/\/www.hac-hockey.com\/index.php\/wp-json\/wp\/v2\/media?parent=93"}],"curies":[{"name":"wp","href":"https:\/\/api.w.org\/{rel}","templated":true}]}}