{"id":97,"date":"2023-08-21T10:30:07","date_gmt":"2023-08-21T08:30:07","guid":{"rendered":"http:\/\/www.hac-hockey.com\/?page_id=97"},"modified":"2024-08-27T08:40:06","modified_gmt":"2024-08-27T06:40:06","slug":"dossier-dinscription","status":"publish","type":"page","link":"http:\/\/www.hac-hockey.com\/index.php\/telechargements\/dossier-dinscription\/","title":{"rendered":"Dossier d&#8217;inscription"},"content":{"rendered":"<div class=\"pd-cdesc\">\n<p><strong>L&#8217;inscription au Hac Hockey sur Glace 2024-2025 est maintenant digitalis\u00e9e en 2 \u00e9tapes :<\/strong><\/p>\n<p>1 &#8211; sur le site de la f\u00e9d\u00e9ration de Hockey sur Glace ici : <a href=\"https:\/\/licencies.hockeynet.fr\/auth\/login\">FFHG &#8211; Connexion (hockeynet.fr)<\/a><\/p>\n<p>2 &#8211; sur Sport Easy sur invitation une fois la licence sur la f\u00e9d\u00e9ration effectu\u00e9e et compte cr\u00e9\u00e9 ici : <a href=\"https:\/\/www.sporteasy.net\/\">L&#8217;app n\u00b01 pour g\u00e9rer une \u00e9quipe ou un club de sport amateur (sporteasy.net)<\/a><\/p>\n<\/div>\n<p>\u00a0<\/p>\n<p>contact : nicolas.lepape@hac-hockey.com<\/p>\n<p>\u00a0<\/p>\n<p>A bient\u00f4t<\/p>\n\n\n<p><\/p>\n","protected":false},"excerpt":{"rendered":"<p>L&#8217;inscription au Hac Hockey sur Glace 2024-2025 est maintenant digitalis\u00e9e en 2 \u00e9tapes : 1 &#8211; sur le site de la f\u00e9d\u00e9ration de Hockey sur Glace ici : FFHG &#8211; Connexion (hockeynet.fr) 2 &#8211; sur Sport Easy sur invitation une fois la licence sur la f\u00e9d\u00e9ration effectu\u00e9e et compte cr\u00e9\u00e9 ici : L&#8217;app n\u00b01 pour [&hellip;]<\/p>\n","protected":false},"author":1,"featured_media":0,"parent":197,"menu_order":0,"comment_status":"closed","ping_status":"closed","template":"","meta":{"_mi_skip_tracking":false,"spay_email":"","footnotes":""},"class_list":["post-97","page","type-page","status-publish","hentry"],"jetpack_sharing_enabled":false,"_links":{"self":[{"href":"http:\/\/www.hac-hockey.com\/index.php\/wp-json\/wp\/v2\/pages\/97","targetHints":{"allow":["GET"]}}],"collection":[{"href":"http:\/\/www.hac-hockey.com\/index.php\/wp-json\/wp\/v2\/pages"}],"about":[{"href":"http:\/\/www.hac-hockey.com\/index.php\/wp-json\/wp\/v2\/types\/page"}],"author":[{"embeddable":true,"href":"http:\/\/www.hac-hockey.com\/index.php\/wp-json\/wp\/v2\/users\/1"}],"replies":[{"embeddable":true,"href":"http:\/\/www.hac-hockey.com\/index.php\/wp-json\/wp\/v2\/comments?post=97"}],"version-history":[{"count":20,"href":"http:\/\/www.hac-hockey.com\/index.php\/wp-json\/wp\/v2\/pages\/97\/revisions"}],"predecessor-version":[{"id":6766,"href":"http:\/\/www.hac-hockey.com\/index.php\/wp-json\/wp\/v2\/pages\/97\/revisions\/6766"}],"up":[{"embeddable":true,"href":"http:\/\/www.hac-hockey.com\/index.php\/wp-json\/wp\/v2\/pages\/197"}],"wp:attachment":[{"href":"http:\/\/www.hac-hockey.com\/index.php\/wp-json\/wp\/v2\/media?parent=97"}],"curies":[{"name":"wp","href":"https:\/\/api.w.org\/{rel}","templated":true}]}}